{"id":56,"date":"2021-05-12T13:42:27","date_gmt":"2021-05-12T13:42:27","guid":{"rendered":"https:\/\/impferliebt.de\/?page_id=56"},"modified":"2021-05-12T13:42:27","modified_gmt":"2021-05-12T13:42:27","slug":"impfpressum","status":"publish","type":"page","link":"https:\/\/impferliebt.de\/?page_id=56","title":{"rendered":"Im(pf)pressum"},"content":{"rendered":"\n<p><\/p>\n\n\n\n<p><\/p>\n\n\n\n<h2>Impressum <\/h2>\n\n\n\n<p><br><strong>Angaben gem\u00e4\u00df \u00a7 5 TMG<\/strong><br>Ga\u00dfner &amp; Gunzelmann GbR<br>Augustenstra\u00dfe 1a<br>82319 Starnberg<br>Vertreten durch:<br>Verena Gunzelmann, Claudia Ga\u00dfner<br><strong>Kontakt<\/strong><br>Telefon: Auf Anfrage<br>Telefax: +49 8151 &#8211; 4039980<br>E-Mail: impfo@impferliebt.de<\/p>\n\n\n\n<p><strong>Disclaimer<\/strong><\/p>\n\n\n\n<p>Bei Erstellung der Inhalte dieser Website haben wir die gr\u00f6\u00dfte Sorgfalt angewandt. F\u00fcr die Richtigkeit, Vollst\u00e4ndigkeit und Aktualit\u00e4t der Inhalte k\u00f6nnen wir jedoch keine Gew\u00e4hr \u00fcbernehmen. Das Impressum gilt ebenfalls f\u00fcr unsere Profile in den von uns betriebenen sozialen Netzwerke (Facebook, Instagram &amp; Pinterest). <\/p>\n\n\n\n<p><br><strong>EU-Streitschlichtung<\/strong><br>Die Europ\u00e4ische Kommission stellt eine Plattform zur Online-Streitbeilegung (OS) bereit:<br>https:\/\/ec.europa.eu\/consumers\/odr\/.<\/p>\n\n\n\n<p>Unsere E-Mail-Adresse finden Sie oben im Impressum.<\/p>\n\n\n\n<p class=\"has-text-align-left\"><strong><br>Verbraucherstreitbeilegung\/Universalschlichtungsstelle<\/strong><br>Wir sind nicht bereit oder verpflichtet, an Streitbeilegungsverfahren vor einer Verbraucherschlichtungsstelle teilzunehmen.<\/p>\n\n\n\n<p class=\"has-text-align-left\"><br><strong>Haftung f\u00fcr Inhalte<\/strong><br>Als Diensteanbieter sind wir gem\u00e4\u00df \u00a7 7 Abs.1 TMG f\u00fcr eigene Inhalte auf diesen Seiten nach den allgemeinen Gesetzen verantwortlich. Nach \u00a7\u00a7 8 bis 10 TMG sind wir als Diensteanbieter jedoch nicht verpflichtet, \u00fcbermittelte oder gespeicherte fremde Informationen zu \u00fcberwachen oder nach Umst\u00e4nden zu forschen, die auf eine rechtswidrige T\u00e4tigkeit hinweisen.<\/p>\n\n\n\n<p class=\"has-text-align-left\"><br>Verpflichtungen zur Entfernung oder Sperrung der Nutzung von Informationen nach den allgemeinen Gesetzen bleiben hiervon unber\u00fchrt. Eine diesbez\u00fcgliche Haftung ist jedoch erst ab dem Zeitpunkt der<br>Kenntnis einer konkreten Rechtsverletzung m\u00f6glich. Bei Bekanntwerden von entsprechenden Rechtsverletzungen werden wir diese Inhalte umgehend entfernen.<\/p>\n\n\n\n<p><strong>Haftung f\u00fcr Links<\/strong><br>Unser Angebot enth\u00e4lt Links zu externen Websites Dritter, auf deren Inhalte wir keinen Einfluss haben. Deshalb k\u00f6nnen wir f\u00fcr diese fremden Inhalte auch keine Gew\u00e4hr \u00fcbernehmen. F\u00fcr die Inhalte der<br>verlinkten Seiten ist stets der jeweilige Anbieter oder Betreiber der Seiten verantwortlich. Die verlinkten Seiten wurden zum Zeitpunkt der Verlinkung auf m\u00f6gliche Rechtsverst\u00f6\u00dfe \u00fcberpr\u00fcft. Rechtswidrige Inhalte<br>waren zum Zeitpunkt der Verlinkung nicht erkennbar. Eine permanente inhaltliche Kontrolle der verlinkten Seiten ist jedoch ohne konkrete Anhaltspunkte einer Rechtsverletzung nicht zumutbar. Bei Bekanntwerden von Rechtsverletzungen werden wir derartige Links umgehend entfernen.<\/p>\n\n\n\n<p><br><strong>Urheberrecht<\/strong><br>Die durch die Seitenbetreiber erstellten Inhalte und Werke auf diesen Seiten unterliegen dem deutschen Urheberrecht. Die Vervielf\u00e4ltigung, Bearbeitung, Verbreitung und jede Art der Verwertung au\u00dferhalb der<br>Grenzen des Urheberrechtes bed\u00fcrfen der schriftlichen Zustimmung des jeweiligen Autors bzw. Erstellers. Downloads und Kopien dieser Seite sind nur f\u00fcr den privaten, nicht kommerziellen Gebrauch gestattet. Soweit die Inhalte auf dieser Seite nicht vom Betreiber erstellt wurden, werden die Urheberrechte Dritter beachtet. Insbesondere werden Inhalte Dritter als solche gekennzeichnet. Sollten Sie trotzdem auf eine Urheberrechtsverletzung aufmerksam werden, bitten wir um einen entsprechenden Hinweis. Bei Bekanntwerden von Rechtsverletzungen werden wir derartige Inhalte umgehend entfernen.<\/p>\n\n\n\n<p><strong>Kontaktaufnahme vor Abmahnung zwingend! <\/strong><\/p>\n\n\n\n<p><br>Sollte der Inhalt oder die Aufmachung dieser Seiten fremde Rechte Dritter oder gesetzliche Bestimmungen verletzen, so bitten wir um entsprechende Benachrichtigung ohne Kostennote. Wir garantieren, dass zu Recht beanstandeten Passagen unverz\u00fcglich entfernt werden, ohne dass die Einschaltung eines Rechtsbeistandes notwendig wird. Ohne vorherige Kontaktaufnahme ausgel\u00f6ste Kosten werden generell und vollumf\u00e4nglich zur\u00fcckgewiesen. Wir behalten uns in diesem Falle vor, gegebenenfalls Gegenklage wegen Verletzung vorgenannter Bestimmungen einzureichen. In diesem Zusammenhang verweisen wir insbesondere auf die   Schadensminderungspflicht gem. \u00a7 254 Abs. 1 und 2 BGB.<\/p>\n\n\n\n<p><strong>GEISTIGES EIGENTUM:<\/strong><br>Die vertretungsberechtigten Personen sind die alleinige Inhaber der (Urheber-) Rechte an den redaktionellen Inhalten auf der Webseite. Falls das nicht der Fall ist, wird dies entsprechend kenntlich gemacht (z.B. durch die Verlinkung zu der jeweiligen Quelle). Besucher k\u00f6nnen die Fotos auf von ihnen betriebenen Blogs benutzen. In diesem Fall ist bei der Verwendung der Fotos eindeutig und gut sichtbar auf diese Webseite zu verlinken (http:\/\/www.impferliebt.de). F\u00fcr jede andere Nutzung (insbesondere Vervielf\u00e4ltigung, \u00dcbertragung und Verbreitung) der Fotos (z.B. auf anderen Webseiten oder in jedem anderen Medium) und\/oder der weiteren (redaktionellen) Inhalte ist vorab die ausdr\u00fcckliche Zustimmung einzuholen. Hierzu kann \u00fcber die folgende E-Mail-Adresse Kontakt aufgenommen werden: impfo@impferliebt.de<\/p>\n\n\n\n<p><br>Quelle: <a href=\"https:\/\/www.e-recht24.de\/\">eRecht24: Internetrecht von Rechtsanwalt S\u00f6ren Siebert (e-recht24.de)<\/a><br><\/p>\n","protected":false},"excerpt":{"rendered":"<p>Impressum Angaben gem\u00e4\u00df \u00a7 5 TMGGa\u00dfner &amp; Gunzelmann GbRAugustenstra\u00dfe 1a82319 StarnbergVertreten durch:Verena Gunzelmann, Claudia Ga\u00dfnerKontaktTelefon: Auf AnfrageTelefax: +49 8151 &#8211; 4039980E-Mail: impfo@impferliebt.de Disclaimer Bei Erstellung der Inhalte dieser Website haben wir die gr\u00f6\u00dfte Sorgfalt angewandt. F\u00fcr die Richtigkeit, Vollst\u00e4ndigkeit und Aktualit\u00e4t der Inhalte k\u00f6nnen wir jedoch keine Gew\u00e4hr \u00fcbernehmen. Das Impressum gilt ebenfalls f\u00fcr unsere [&hellip;]<\/p>\n","protected":false},"author":1,"featured_media":0,"parent":0,"menu_order":0,"comment_status":"closed","ping_status":"closed","template":"","meta":[],"_links":{"self":[{"href":"https:\/\/impferliebt.de\/index.php?rest_route=\/wp\/v2\/pages\/56"}],"collection":[{"href":"https:\/\/impferliebt.de\/index.php?rest_route=\/wp\/v2\/pages"}],"about":[{"href":"https:\/\/impferliebt.de\/index.php?rest_route=\/wp\/v2\/types\/page"}],"author":[{"embeddable":true,"href":"https:\/\/impferliebt.de\/index.php?rest_route=\/wp\/v2\/users\/1"}],"replies":[{"embeddable":true,"href":"https:\/\/impferliebt.de\/index.php?rest_route=%2Fwp%2Fv2%2Fcomments&post=56"}],"version-history":[{"count":2,"href":"https:\/\/impferliebt.de\/index.php?rest_route=\/wp\/v2\/pages\/56\/revisions"}],"predecessor-version":[{"id":58,"href":"https:\/\/impferliebt.de\/index.php?rest_route=\/wp\/v2\/pages\/56\/revisions\/58"}],"wp:attachment":[{"href":"https:\/\/impferliebt.de\/index.php?rest_route=%2Fwp%2Fv2%2Fmedia&parent=56"}],"curies":[{"name":"wp","href":"https:\/\/api.w.org\/{rel}","templated":true}]}}