{"id":2,"date":"2021-05-05T09:19:13","date_gmt":"2021-05-05T09:19:13","guid":{"rendered":"http:\/\/impferliebt.de\/?page_id=2"},"modified":"2021-05-12T14:15:47","modified_gmt":"2021-05-12T14:15:47","slug":"pieks","status":"publish","type":"page","link":"https:\/\/impferliebt.de\/","title":{"rendered":"#pieks"},"content":{"rendered":"\n<div class=\"wp-block-group\"><div class=\"wp-block-group__inner-container\">\n<h5 style=\"font-size:20px\"><strong><span style=\"color:#e2020c\" class=\"has-inline-color\">WAS IST #IMPFERLIEBT?&nbsp;<\/span><\/strong><\/h5>\n<\/div><\/div>\n\n\n\n<h1 style=\"font-size:16px\"><strong><span style=\"color:#e2020c\" class=\"has-inline-color\">#IMPFERLIEBT ist eine Initiative, die das Impfen gegen das Coronavirus unterst\u00fctzt und Euch dar\u00fcber hinaus dazu ermutigt, wieder miteinander in Kontakt zu treten \u2013 und zwar beim ersten #pieks!&nbsp;<\/span><\/strong><\/h1>\n\n\n\n<h5 style=\"font-size:20px\"><strong><span style=\"color:#e2020c\" class=\"has-inline-color\">WIE? &nbsp;<\/span><\/strong><\/h5>\n\n\n\n<h1 style=\"font-size:16px\"><strong><span style=\"color:#e2020c\" class=\"has-inline-color\">Mit unseren nachhaltigen #IMPFERLIEBT Produkten signalisierst Du nicht nur, dass Impfen eine wichtige Sache ist, sondern auch, dass du Bock hast wieder Leute zu treffen. &nbsp;<\/span><\/strong><\/h1>\n\n\n\n<h5 style=\"font-size:20px\"><strong><span style=\"color:#e2020c\" class=\"has-inline-color\">WERDE IMPFLUENCER!<\/span><\/strong><\/h5>\n\n\n\n<h1 style=\"font-size:16px\"><span style=\"color:#e2020c\" class=\"has-inline-color\"><strong>Grunds\u00e4tzlich spricht #IMPFERLIEBT alle Menschen an, die Impfen f\u00fcr wichtig halten und dabei helfen wollen unser Leben voller Begegnungen zur\u00fcckzubekommen.&nbsp;&nbsp;So steigen auch die Chancen f\u00fcr Singles wieder in\u2019s Real-Life-Dating zur\u00fcckzukehren #piekandmeet<\/strong><\/span> <\/h1>\n\n\n\n<h1 style=\"font-size:16px\"><span style=\"color:#e2020c\" class=\"has-inline-color\">Verlinke uns <a href=\"https:\/\/www.instagram.com\/impferliebt_\/\" target=\"_blank\" rel=\"noreferrer noopener\">hier <\/a>f\u00fcr einen Repost oder nutze den #IMPFERLIEBT_Deine Stadt um andere IMPFERLIEBTE in Deiner N\u00e4he kennenzulernen. <\/span><\/h1>\n\n\n\n<h5 style=\"font-size:20px\"><strong><span style=\"color:#e2020c\" class=\"has-inline-color\">WO?<\/span>&nbsp;<\/strong><\/h5>\n\n\n\n<h1 style=\"font-size:16px\"><span style=\"\" class=\"has-inline-color\"><font color=\"#e2020c\">Ob direkt beim Impfen, unterwegs in deiner City \u2013 und hoffentlich auch bald wieder in unseren Lieblingsbars \u2013 nutze die #IMPFERLIEBT-Produkte als deinen Schl\u00fcssel f\u00fcr neue Kontakte. <a rel=\"noreferrer noopener\" href=\"https:\/\/shop.spreadshirt.de\/impferliebt\/all\" target=\"_blank\">Hier <\/a><\/font><\/span><strong><span style=\"color:#e2020c\" class=\"has-inline-color\"><a rel=\"noreferrer noopener\" href=\"https:\/\/shop.spreadshirt.de\/impferliebt\/all\" target=\"_blank\">geht&#8217;s zum Shop<\/a><\/span><\/strong><\/h1>\n\n\n\n<h5 style=\"font-size:20px\"><strong><span style=\"color:#e2020c\" class=\"has-inline-color\">WARUM?<\/span><\/strong><\/h5>\n\n\n\n<h1 style=\"font-size:16px\"><strong><span style=\"color:#e2020c\" class=\"has-inline-color\">Wir stellen sicher, dass alle Artikel aus nachhaltiger Produktion stammen. \u00dcberdies gehen 10% des Erl\u00f6ses an die <a rel=\"noreferrer noopener\" href=\"https:\/\/chancenstiftung.de\/\" target=\"_blank\">Chancenstiftung<\/a>, die Kindern Bildung in Form von z.B. Nachhilfeunterricht spendet. Gerade in Zeiten des Homeschoolings eine wichtige Sache, wie wir finden. \u00a0<\/span><\/strong><\/h1>\n\n\n\n<h5 style=\"font-size:20px\"><strong><span style=\"color:#e2020c\" class=\"has-inline-color\">Also: #xund bleiben und ab zum Impfen mit deinem #IMPFERLIEBT-Shirt!<\/span>\u00a0<\/strong><\/h5>\n\n\n\n<p><\/p>\n","protected":false},"excerpt":{"rendered":"<p>#IMPFERLIEBT ist eine Initiative, die das Impfen gegen das Coronavirus unterst\u00fctzt und Euch dar\u00fcber hinaus dazu ermutigt, wieder miteinander in Kontakt zu treten \u2013 und zwar beim ersten #pieks!&nbsp; WIE? &nbsp; Mit unseren nachhaltigen #IMPFERLIEBT Produkten signalisierst Du nicht nur, dass Impfen eine wichtige Sache ist, sondern auch, dass du Bock hast wieder Leute zu [&hellip;]<\/p>\n","protected":false},"author":1,"featured_media":11,"parent":0,"menu_order":0,"comment_status":"closed","ping_status":"closed","template":"","meta":[],"_links":{"self":[{"href":"https:\/\/impferliebt.de\/index.php?rest_route=\/wp\/v2\/pages\/2"}],"collection":[{"href":"https:\/\/impferliebt.de\/index.php?rest_route=\/wp\/v2\/pages"}],"about":[{"href":"https:\/\/impferliebt.de\/index.php?rest_route=\/wp\/v2\/types\/page"}],"author":[{"embeddable":true,"href":"https:\/\/impferliebt.de\/index.php?rest_route=\/wp\/v2\/users\/1"}],"replies":[{"embeddable":true,"href":"https:\/\/impferliebt.de\/index.php?rest_route=%2Fwp%2Fv2%2Fcomments&post=2"}],"version-history":[{"count":27,"href":"https:\/\/impferliebt.de\/index.php?rest_route=\/wp\/v2\/pages\/2\/revisions"}],"predecessor-version":[{"id":73,"href":"https:\/\/impferliebt.de\/index.php?rest_route=\/wp\/v2\/pages\/2\/revisions\/73"}],"wp:featuredmedia":[{"embeddable":true,"href":"https:\/\/impferliebt.de\/index.php?rest_route=\/wp\/v2\/media\/11"}],"wp:attachment":[{"href":"https:\/\/impferliebt.de\/index.php?rest_route=%2Fwp%2Fv2%2Fmedia&parent=2"}],"curies":[{"name":"wp","href":"https:\/\/api.w.org\/{rel}","templated":true}]}}